{"id":830,"date":"2025-04-18T19:03:46","date_gmt":"2025-04-18T19:03:46","guid":{"rendered":"https:\/\/www.onair-graphics.com\/?page_id=830"},"modified":"2025-06-05T14:40:46","modified_gmt":"2025-06-05T14:40:46","slug":"privacy-policy-2","status":"publish","type":"page","link":"https:\/\/www.onair-graphics.com\/de\/privacy-policy-2\/","title":{"rendered":"Datenschutz"},"content":{"rendered":"<div data-elementor-type=\"wp-page\" data-elementor-id=\"830\" class=\"elementor elementor-830\" data-elementor-settings=\"{&quot;element_pack_global_tooltip_width&quot;:{&quot;unit&quot;:&quot;px&quot;,&quot;size&quot;:&quot;&quot;,&quot;sizes&quot;:[]},&quot;element_pack_global_tooltip_width_laptop&quot;:{&quot;unit&quot;:&quot;px&quot;,&quot;size&quot;:&quot;&quot;,&quot;sizes&quot;:[]},&quot;element_pack_global_tooltip_width_tablet_extra&quot;:{&quot;unit&quot;:&quot;px&quot;,&quot;size&quot;:&quot;&quot;,&quot;sizes&quot;:[]},&quot;element_pack_global_tooltip_width_tablet&quot;:{&quot;unit&quot;:&quot;px&quot;,&quot;size&quot;:&quot;&quot;,&quot;sizes&quot;:[]},&quot;element_pack_global_tooltip_width_mobile_extra&quot;:{&quot;unit&quot;:&quot;px&quot;,&quot;size&quot;:&quot;&quot;,&quot;sizes&quot;:[]},&quot;element_pack_global_tooltip_width_mobile&quot;:{&quot;unit&quot;:&quot;px&quot;,&quot;size&quot;:&quot;&quot;,&quot;sizes&quot;:[]},&quot;element_pack_global_tooltip_padding&quot;:{&quot;unit&quot;:&quot;px&quot;,&quot;top&quot;:&quot;&quot;,&quot;right&quot;:&quot;&quot;,&quot;bottom&quot;:&quot;&quot;,&quot;left&quot;:&quot;&quot;,&quot;isLinked&quot;:true},&quot;element_pack_global_tooltip_padding_laptop&quot;:{&quot;unit&quot;:&quot;px&quot;,&quot;top&quot;:&quot;&quot;,&quot;right&quot;:&quot;&quot;,&quot;bottom&quot;:&quot;&quot;,&quot;left&quot;:&quot;&quot;,&quot;isLinked&quot;:true},&quot;element_pack_global_tooltip_padding_tablet_extra&quot;:{&quot;unit&quot;:&quot;px&quot;,&quot;top&quot;:&quot;&quot;,&quot;right&quot;:&quot;&quot;,&quot;bottom&quot;:&quot;&quot;,&quot;left&quot;:&quot;&quot;,&quot;isLinked&quot;:true},&quot;element_pack_global_tooltip_padding_tablet&quot;:{&quot;unit&quot;:&quot;px&quot;,&quot;top&quot;:&quot;&quot;,&quot;right&quot;:&quot;&quot;,&quot;bottom&quot;:&quot;&quot;,&quot;left&quot;:&quot;&quot;,&quot;isLinked&quot;:true},&quot;element_pack_global_tooltip_padding_mobile_extra&quot;:{&quot;unit&quot;:&quot;px&quot;,&quot;top&quot;:&quot;&quot;,&quot;right&quot;:&quot;&quot;,&quot;bottom&quot;:&quot;&quot;,&quot;left&quot;:&quot;&quot;,&quot;isLinked&quot;:true},&quot;element_pack_global_tooltip_padding_mobile&quot;:{&quot;unit&quot;:&quot;px&quot;,&quot;top&quot;:&quot;&quot;,&quot;right&quot;:&quot;&quot;,&quot;bottom&quot;:&quot;&quot;,&quot;left&quot;:&quot;&quot;,&quot;isLinked&quot;:true},&quot;element_pack_global_tooltip_border_radius&quot;:{&quot;unit&quot;:&quot;px&quot;,&quot;top&quot;:&quot;&quot;,&quot;right&quot;:&quot;&quot;,&quot;bottom&quot;:&quot;&quot;,&quot;left&quot;:&quot;&quot;,&quot;isLinked&quot;:true},&quot;element_pack_global_tooltip_border_radius_laptop&quot;:{&quot;unit&quot;:&quot;px&quot;,&quot;top&quot;:&quot;&quot;,&quot;right&quot;:&quot;&quot;,&quot;bottom&quot;:&quot;&quot;,&quot;left&quot;:&quot;&quot;,&quot;isLinked&quot;:true},&quot;element_pack_global_tooltip_border_radius_tablet_extra&quot;:{&quot;unit&quot;:&quot;px&quot;,&quot;top&quot;:&quot;&quot;,&quot;right&quot;:&quot;&quot;,&quot;bottom&quot;:&quot;&quot;,&quot;left&quot;:&quot;&quot;,&quot;isLinked&quot;:true},&quot;element_pack_global_tooltip_border_radius_tablet&quot;:{&quot;unit&quot;:&quot;px&quot;,&quot;top&quot;:&quot;&quot;,&quot;right&quot;:&quot;&quot;,&quot;bottom&quot;:&quot;&quot;,&quot;left&quot;:&quot;&quot;,&quot;isLinked&quot;:true},&quot;element_pack_global_tooltip_border_radius_mobile_extra&quot;:{&quot;unit&quot;:&quot;px&quot;,&quot;top&quot;:&quot;&quot;,&quot;right&quot;:&quot;&quot;,&quot;bottom&quot;:&quot;&quot;,&quot;left&quot;:&quot;&quot;,&quot;isLinked&quot;:true},&quot;element_pack_global_tooltip_border_radius_mobile&quot;:{&quot;unit&quot;:&quot;px&quot;,&quot;top&quot;:&quot;&quot;,&quot;right&quot;:&quot;&quot;,&quot;bottom&quot;:&quot;&quot;,&quot;left&quot;:&quot;&quot;,&quot;isLinked&quot;:true}}\" data-elementor-post-type=\"page\">\n\t\t\t\t\t\t<section class=\"elementor-section elementor-top-section elementor-element elementor-element-cd950c2 elementor-section-full_width elementor-section-height-default elementor-section-height-default\" data-id=\"cd950c2\" data-element_type=\"section\" data-e-type=\"section\" data-settings=\"{&quot;background_background&quot;:&quot;classic&quot;}\">\n\t\t\t\t\t\t<div class=\"elementor-container elementor-column-gap-default\">\n\t\t\t\t\t<div class=\"elementor-column elementor-col-100 elementor-top-column elementor-element elementor-element-ff342cd\" data-id=\"ff342cd\" data-element_type=\"column\" data-e-type=\"column\">\n\t\t\t<div class=\"elementor-widget-wrap elementor-element-populated\">\n\t\t\t\t\t\t<section class=\"elementor-section elementor-inner-section elementor-element elementor-element-f020778 elementor-section-boxed elementor-section-height-default elementor-section-height-default\" data-id=\"f020778\" data-element_type=\"section\" data-e-type=\"section\">\n\t\t\t\t\t\t<div class=\"elementor-container elementor-column-gap-default\">\n\t\t\t\t\t<div class=\"elementor-column elementor-col-33 elementor-inner-column elementor-element elementor-element-416ebe9\" data-id=\"416ebe9\" data-element_type=\"column\" data-e-type=\"column\">\n\t\t\t<div class=\"elementor-widget-wrap\">\n\t\t\t\t\t\t\t<\/div>\n\t\t<\/div>\n\t\t\t\t<div class=\"elementor-column elementor-col-33 elementor-inner-column elementor-element elementor-element-6252c1a\" data-id=\"6252c1a\" data-element_type=\"column\" data-e-type=\"column\">\n\t\t\t<div class=\"elementor-widget-wrap elementor-element-populated\">\n\t\t\t\t\t\t<div class=\"elementor-element elementor-element-d4c72be elementor-invisible elementor-widget elementor-widget-heading\" data-id=\"d4c72be\" data-element_type=\"widget\" data-e-type=\"widget\" data-settings=\"{&quot;_animation&quot;:&quot;fadeInUp&quot;}\" data-widget_type=\"heading.default\">\n\t\t\t\t<div class=\"elementor-widget-container\">\n\t\t\t\t\t<h1 class=\"elementor-heading-title elementor-size-default\">Datenschutz\n<\/h1>\t\t\t\t<\/div>\n\t\t\t\t<\/div>\n\t\t\t\t<div class=\"elementor-element elementor-element-fa344c9 elementor-invisible elementor-widget elementor-widget-text-editor\" data-id=\"fa344c9\" data-element_type=\"widget\" data-e-type=\"widget\" data-settings=\"{&quot;_animation&quot;:&quot;fadeIn&quot;}\" data-widget_type=\"text-editor.default\">\n\t\t\t\t<div class=\"elementor-widget-container\">\n\t\t\t\t\t\t\t\t\t<h2 class=\"\" data-start=\"388\" data-end=\"405\">Datenschutz<\/h2><h3 class=\"\" data-start=\"407\" data-end=\"435\">1. Allgemeine Informationen<\/h3><p class=\"translation-block\" data-start=\"436\" data-end=\"692\">Wir nehmen den Schutz Ihrer personenbezogenen Daten ernst. Diese Datenschutzerkl\u00e4rung erl\u00e4utert, wie wir Ihre personenbezogenen Daten erfassen, verwenden und sch\u00fctzen, wenn Sie unsere Website <a class=\"\" href=\"https:\/\/www.onair-graphics.com\/de\/\" target=\"_new\" rel=\"noopener\" data-start=\"600\" data-end=\"656\">www.onair-graphics.com<\/a> besuchen, mit uns Kontakt aufnehmen oder unsere Dienstleistungen nutzen.<\/p><p class=\"\" data-start=\"694\" data-end=\"825\">Wir verarbeiten Ihre Daten in \u00dcbereinstimmung mit der EU-Datenschutzgrundverordnung (GDPR) und anderen geltenden Datenschutzgesetzen.<\/p><h3 class=\"\" data-start=\"827\" data-end=\"853\">2. Verantwortliche Partei<\/h3><p class=\"translation-block\" data-start=\"854\" data-end=\"965\"><strong data-start=\"854\" data-end=\"872\">OnAir Graphics<\/strong><br data-start=\"872\" data-end=\"875\">Vertreten durch: Marko Ennen<br data-start=\"902\" data-end=\"905\">E-Mail: <a rel=\"noopener\" data-start=\"912\" data-end=\"935\" target=\"_self\">info@onair-graphics.com<\/a><br data-start=\"935\" data-end=\"938\">Telefon: +49 (0)176 2069 8895<\/p><h3 class=\"\" data-start=\"967\" data-end=\"999\">3. Datenerhebung und -nutzung<\/h3><h4 class=\"\" data-start=\"1001\" data-end=\"1036\">a) Beim Besuch der Website<\/h4><p class=\"\" data-start=\"1037\" data-end=\"1137\">Wenn Sie auf unsere Website zugreifen, \u00fcbermittelt Ihr Browser automatisch Daten an unseren Server. Dies beinhaltet:<\/p><ul data-start=\"1138\" data-end=\"1266\"><li class=\"\" data-start=\"1138\" data-end=\"1152\"><p class=\"\" data-start=\"1140\" data-end=\"1152\">IP-Adresse<\/p><\/li><li class=\"\" data-start=\"1153\" data-end=\"1180\"><p class=\"\" data-start=\"1155\" data-end=\"1180\">Datum und Uhrzeit des Zugriffs<\/p><\/li><li class=\"\" data-start=\"1181\" data-end=\"1209\"><p class=\"\" data-start=\"1183\" data-end=\"1209\">Browsertyp und -version<\/p><\/li><li class=\"\" data-start=\"1210\" data-end=\"1230\"><p class=\"\" data-start=\"1212\" data-end=\"1230\">Das Betriebssystem<\/p><\/li><li class=\"\" data-start=\"1231\" data-end=\"1266\"><p class=\"\" data-start=\"1233\" data-end=\"1266\">Verweisende Website (falls zutreffend)<\/p><\/li><\/ul><p class=\"\" data-start=\"1268\" data-end=\"1434\">Diese Daten werden ausschlie\u00dflich f\u00fcr statistische Auswertungen und zur Sicherstellung der Funktionsf\u00e4higkeit der Website verwendet. Sie sind nicht mit bestimmten Personen verkn\u00fcpft und werden nicht dauerhaft gespeichert.<\/p><h4 class=\"\" data-start=\"1436\" data-end=\"1464\">b) Bei Kontaktaufnahme mit uns<\/h4><p class=\"\" data-start=\"1465\" data-end=\"1693\">Wenn Sie uns per E-Mail oder \u00fcber ein Kontaktformular kontaktieren, verarbeiten wir die von Ihnen angegebenen Daten (z. B. Ihren Namen, Ihre E-Mail-Adresse, Ihre Telefonnummer und Ihre Nachricht), um Ihre Anfrage zu beantworten. Diese Daten werden nicht ohne Ihre Zustimmung weitergegeben.<\/p><h3 class=\"\" data-start=\"1695\" data-end=\"1735\">4. Rechtsgrundlage der Datenverarbeitung<\/h3><p class=\"\" data-start=\"1736\" data-end=\"1784\">Die Rechtsgrundlage f\u00fcr die Verarbeitung personenbezogener Daten ist:<\/p><ul data-start=\"1785\" data-end=\"1996\"><li class=\"\" data-start=\"1785\" data-end=\"1822\"><p class=\"\" data-start=\"1787\" data-end=\"1822\">Art. 6 Abs. 1 lit. a DSGVO \u2013 Ihre Einwilligung<\/p><\/li><li class=\"\" data-start=\"1823\" data-end=\"1909\"><p class=\"\" data-start=\"1825\" data-end=\"1909\">Art. 6 Abs. 1 lit. b DSGVO \u2013 zur Erf\u00fcllung eines Vertrags oder vorvertraglicher Ma\u00dfnahmen<\/p><\/li><li class=\"\" data-start=\"1910\" data-end=\"1996\"><p class=\"\" data-start=\"1912\" data-end=\"1996\">Art. 6 Abs. 1 lit. f DSGVO \u2013 berechtigte Interessen, wie etwa die Sicherheit der Website oder die Kommunikation<\/p><\/li><\/ul><h3 class=\"\" data-start=\"1998\" data-end=\"2021\">5. Datenspeicherung<\/h3><p class=\"\" data-start=\"2022\" data-end=\"2167\">Wir speichern Ihre personenbezogenen Daten nur so lange, wie dies zur Erf\u00fcllung der Zwecke, f\u00fcr die sie erhoben wurden, oder zur Einhaltung gesetzlicher Verpflichtungen erforderlich ist.<\/p><h3 class=\"\" data-start=\"2169\" data-end=\"2189\">6. Ihre Rechte<\/h3><p class=\"\" data-start=\"2190\" data-end=\"2212\">Sie haben das Recht:<\/p><ul data-start=\"2213\" data-end=\"2447\"><li class=\"\" data-start=\"2213\" data-end=\"2257\"><p class=\"\" data-start=\"2215\" data-end=\"2257\">Auskunft \u00fcber Ihre personenbezogenen Daten (Art. 15 DSGVO)<\/p><\/li><li class=\"\" data-start=\"2258\" data-end=\"2299\"><p class=\"\" data-start=\"2260\" data-end=\"2299\">Berichtigung unrichtiger Daten (Art. 16 DSGVO)<\/p><\/li><li class=\"\" data-start=\"2300\" data-end=\"2334\"><p class=\"\" data-start=\"2302\" data-end=\"2334\">L\u00f6schung Ihrer Daten (Art. 17 DSGVO)<\/p><\/li><li class=\"\" data-start=\"2335\" data-end=\"2373\"><p class=\"\" data-start=\"2337\" data-end=\"2373\">Einschr\u00e4nkung der Verarbeitung (Art. 18 DSGVO)<\/p><\/li><li class=\"\" data-start=\"2374\" data-end=\"2413\"><p class=\"\" data-start=\"2376\" data-end=\"2413\">Widerspruch gegen die Verarbeitung (Art. 21 DSGVO)<\/p><\/li><li class=\"\" data-start=\"2414\" data-end=\"2447\"><p class=\"\" data-start=\"2416\" data-end=\"2447\">Daten\u00fcbertragbarkeit (Art. 20 DSGVO)<\/p><\/li><\/ul><p class=\"\" data-start=\"2449\" data-end=\"2508\">Sie haben au\u00dferdem die M\u00f6glichkeit, Beschwerde bei einer Aufsichtsbeh\u00f6rde einzureichen.<\/p><h3 class=\"\" data-start=\"2510\" data-end=\"2533\">7. SSL-Verschl\u00fcsselung<\/h3><p class=\"\" data-start=\"2534\" data-end=\"2675\">Zum Schutz Ihrer Daten nutzt unsere Website eine SSL-Verschl\u00fcsselung. Sie erkennen eine sichere Verbindung an der Adresszeile Ihres Browsers: \u201ehttps:\/\/\u201c.<\/p><h3 class=\"\" data-start=\"2677\" data-end=\"2716\">8. \u00c4nderungen dieser Datenschutzrichtlinie<\/h3><p class=\"\" data-start=\"2717\" data-end=\"2825\">Wir k\u00f6nnen diese Datenschutzrichtlinie von Zeit zu Zeit aktualisieren. Die aktuelle Version ist immer auf unserer Website verf\u00fcgbar.<\/p>\t\t\t\t\t\t\t\t<\/div>\n\t\t\t\t<\/div>\n\t\t\t\t\t<\/div>\n\t\t<\/div>\n\t\t\t\t<div class=\"elementor-column elementor-col-33 elementor-inner-column elementor-element elementor-element-b1d64d3\" data-id=\"b1d64d3\" data-element_type=\"column\" data-e-type=\"column\">\n\t\t\t<div class=\"elementor-widget-wrap\">\n\t\t\t\t\t\t\t<\/div>\n\t\t<\/div>\n\t\t\t\t\t<\/div>\n\t\t<\/section>\n\t\t\t\t\t<\/div>\n\t\t<\/div>\n\t\t\t\t\t<\/div>\n\t\t<\/section>\n\t\t\t\t<\/div>","protected":false},"excerpt":{"rendered":"<p>Privacy Policy Privacy Policy 1. General Information We take the protection of your personal data seriously. This privacy policy explains how we collect, use, and protect your personal data when you visit our website www.onair-graphics.com, contact us, or use our services. We process your data in accordance with the EU General Data Protection Regulation (GDPR) [&hellip;]<\/p>\n","protected":false},"author":1,"featured_media":0,"parent":0,"menu_order":0,"comment_status":"closed","ping_status":"closed","template":"elementor_header_footer","meta":{"footnotes":""},"class_list":["post-830","page","type-page","status-publish","hentry"],"_links":{"self":[{"href":"https:\/\/www.onair-graphics.com\/de\/wp-json\/wp\/v2\/pages\/830","targetHints":{"allow":["GET"]}}],"collection":[{"href":"https:\/\/www.onair-graphics.com\/de\/wp-json\/wp\/v2\/pages"}],"about":[{"href":"https:\/\/www.onair-graphics.com\/de\/wp-json\/wp\/v2\/types\/page"}],"author":[{"embeddable":true,"href":"https:\/\/www.onair-graphics.com\/de\/wp-json\/wp\/v2\/users\/1"}],"replies":[{"embeddable":true,"href":"https:\/\/www.onair-graphics.com\/de\/wp-json\/wp\/v2\/comments?post=830"}],"version-history":[{"count":0,"href":"https:\/\/www.onair-graphics.com\/de\/wp-json\/wp\/v2\/pages\/830\/revisions"}],"wp:attachment":[{"href":"https:\/\/www.onair-graphics.com\/de\/wp-json\/wp\/v2\/media?parent=830"}],"curies":[{"name":"wp","href":"https:\/\/api.w.org\/{rel}","templated":true}]}}